{"id":1448,"date":"2026-03-12T10:12:12","date_gmt":"2026-03-12T10:12:12","guid":{"rendered":"https:\/\/yellow-frog-343291.hostingersite.com\/home-2\/"},"modified":"2026-03-23T08:08:28","modified_gmt":"2026-03-23T08:08:28","slug":"home-2","status":"publish","type":"page","link":"https:\/\/speranzavestments.com\/en_us\/","title":{"rendered":"Home Page"},"content":{"rendered":"<div data-elementor-type=\"wp-page\" data-elementor-id=\"1448\" class=\"elementor elementor-1448\">\n\t\t\t\t<div class=\"elementor-element elementor-element-9783628 e-flex e-con-boxed e-con e-parent\" data-id=\"9783628\" data-element_type=\"container\" data-e-type=\"container\" data-settings=\"{&quot;background_background&quot;:&quot;video&quot;,&quot;background_video_link&quot;:&quot;https:\\\/\\\/youtu.be\\\/71ZVSGM87AA&quot;,&quot;background_video_start&quot;:1,&quot;background_video_end&quot;:40,&quot;background_play_on_mobile&quot;:&quot;yes&quot;,&quot;background_privacy_mode&quot;:&quot;yes&quot;}\">\n\t\t\t\t\t<div class=\"e-con-inner\">\n\t\t<div class=\"elementor-background-video-container\">\n\t\t\t\t\t\t\t<div class=\"elementor-background-video-embed\" role=\"presentation\"><\/div>\n\t\t\t\t\t\t<\/div><div class=\"elementor-element elementor-element-05ba369 e-con-full e-flex e-con e-child\" data-id=\"05ba369\" data-element_type=\"container\" data-e-type=\"container\">\n\t\t\t\t<div class=\"elementor-element elementor-element-5117318 elementor-widget elementor-widget-spacer\" data-id=\"5117318\" data-element_type=\"widget\" data-e-type=\"widget\" data-widget_type=\"spacer.default\">\n\t\t\t\t<div class=\"elementor-widget-container\">\n\t\t\t\t\t\t\t<div class=\"elementor-spacer\">\n\t\t\t<div class=\"elementor-spacer-inner\"><\/div>\n\t\t<\/div>\n\t\t\t\t\t\t<\/div>\n\t\t\t\t<\/div>\n\t\t\t\t<div class=\"elementor-element elementor-element-3ba9aea elementor-widget elementor-widget-heading\" data-id=\"3ba9aea\" data-element_type=\"widget\" data-e-type=\"widget\" data-widget_type=\"heading.default\">\n\t\t\t\t<div class=\"elementor-widget-container\">\n\t\t\t\t\t<h2 class=\"elementor-heading-title elementor-size-default\">SPERANZA<\/h2>\t\t\t\t<\/div>\n\t\t\t\t<\/div>\n\t\t\t\t<div class=\"elementor-element elementor-element-c861921 elementor-widget elementor-widget-heading\" data-id=\"c861921\" data-element_type=\"widget\" data-e-type=\"widget\" data-widget_type=\"heading.default\">\n\t\t\t\t<div class=\"elementor-widget-container\">\n\t\t\t\t\t<h2 class=\"elementor-heading-title elementor-size-default\">priests' shirts NAtural materials<\/h2>\t\t\t\t<\/div>\n\t\t\t\t<\/div>\n\t\t<div class=\"elementor-element elementor-element-cef330f e-con-full e-grid e-con e-child\" data-id=\"cef330f\" data-element_type=\"container\" data-e-type=\"container\">\n\t\t\t\t<div class=\"elementor-element elementor-element-b22e829 elementor-align-center elementor-widget elementor-widget-button\" data-id=\"b22e829\" data-element_type=\"widget\" data-e-type=\"widget\" data-widget_type=\"button.default\">\n\t\t\t\t<div class=\"elementor-widget-container\">\n\t\t\t\t\t\t\t\t\t<div class=\"elementor-button-wrapper\">\n\t\t\t\t\t<a class=\"elementor-button elementor-button-link elementor-size-sm elementor-animation-bounce-in\" href=\"https:\/\/dabrowscyczk.pl\/pl\/c\/Odziez-liturgiczna\/40\">\n\t\t\t\t\t\t<span class=\"elementor-button-content-wrapper\">\n\t\t\t\t\t\t<span class=\"elementor-button-icon\">\n\t\t\t\t<i aria-hidden=\"true\" class=\"fas fa-shopping-cart\"><\/i>\t\t\t<\/span>\n\t\t\t\t\t\t\t\t\t<span class=\"elementor-button-text\">Store for Priests<\/span>\n\t\t\t\t\t<\/span>\n\t\t\t\t\t<\/a>\n\t\t\t\t<\/div>\n\t\t\t\t\t\t\t\t<\/div>\n\t\t\t\t<\/div>\n\t\t\t\t<div class=\"elementor-element elementor-element-9fb87b4 elementor-align-right elementor-widget elementor-widget-button\" data-id=\"9fb87b4\" data-element_type=\"widget\" data-e-type=\"widget\" data-widget_type=\"button.default\">\n\t\t\t\t<div class=\"elementor-widget-container\">\n\t\t\t\t\t\t\t\t\t<div class=\"elementor-button-wrapper\">\n\t\t\t\t\t<a class=\"elementor-button elementor-button-link elementor-size-sm elementor-animation-bounce-in\" href=\"https:\/\/speranzavestments.com\/en_us\/contact-3\/\">\n\t\t\t\t\t\t<span class=\"elementor-button-content-wrapper\">\n\t\t\t\t\t\t<span class=\"elementor-button-icon\">\n\t\t\t\t<i aria-hidden=\"true\" class=\"fas fa-business-time\"><\/i>\t\t\t<\/span>\n\t\t\t\t\t\t\t\t\t<span class=\"elementor-button-text\">B2B cooperation<\/span>\n\t\t\t\t\t<\/span>\n\t\t\t\t\t<\/a>\n\t\t\t\t<\/div>\n\t\t\t\t\t\t\t\t<\/div>\n\t\t\t\t<\/div>\n\t\t\t\t<\/div>\n\t\t\t\t<\/div>\n\t\t\t\t\t<\/div>\n\t\t\t\t<\/div>\n\t\t<div class=\"elementor-element elementor-element-dc4d543 e-flex e-con-boxed e-con e-parent\" data-id=\"dc4d543\" data-element_type=\"container\" data-e-type=\"container\">\n\t\t\t\t\t<div class=\"e-con-inner\">\n\t\t<div class=\"elementor-element elementor-element-37f0b92 e-con-full e-flex e-con e-child\" data-id=\"37f0b92\" data-element_type=\"container\" data-e-type=\"container\">\n\t\t\t\t<div class=\"elementor-element elementor-element-b82a2ca elementor-widget elementor-widget-image\" data-id=\"b82a2ca\" data-element_type=\"widget\" data-e-type=\"widget\" data-widget_type=\"image.default\">\n\t\t\t\t<div class=\"elementor-widget-container\">\n\t\t\t\t\t\t\t\t\t\t\t\t\t\t\t<img fetchpriority=\"high\" decoding=\"async\" width=\"724\" height=\"1024\" src=\"https:\/\/speranzavestments.com\/wp-content\/uploads\/2026\/03\/Koszule-Speranza-zdjecia-724x1024.jpg\" class=\"elementor-animation-grow attachment-large size-large wp-image-2409\" alt=\"\" srcset=\"https:\/\/speranzavestments.com\/wp-content\/uploads\/2026\/03\/Koszule-Speranza-zdjecia-724x1024.jpg 724w, https:\/\/speranzavestments.com\/wp-content\/uploads\/2026\/03\/Koszule-Speranza-zdjecia-212x300.jpg 212w, https:\/\/speranzavestments.com\/wp-content\/uploads\/2026\/03\/Koszule-Speranza-zdjecia-768x1086.jpg 768w, https:\/\/speranzavestments.com\/wp-content\/uploads\/2026\/03\/Koszule-Speranza-zdjecia.jpg 884w\" sizes=\"(max-width: 724px) 100vw, 724px\" \/>\t\t\t\t\t\t\t\t\t\t\t\t\t\t\t<\/div>\n\t\t\t\t<\/div>\n\t\t\t\t<div class=\"elementor-element elementor-element-25be6f5 elementor-widget elementor-widget-heading\" data-id=\"25be6f5\" data-element_type=\"widget\" data-e-type=\"widget\" data-widget_type=\"heading.default\">\n\t\t\t\t<div class=\"elementor-widget-container\">\n\t\t\t\t\t<h5 class=\"elementor-heading-title elementor-size-default\">Speranza Premium Priestly Shirts<\/h5>\t\t\t\t<\/div>\n\t\t\t\t<\/div>\n\t\t\t\t<div class=\"elementor-element elementor-element-aebaadb elementor-widget elementor-widget-text-editor\" data-id=\"aebaadb\" data-element_type=\"widget\" data-e-type=\"widget\" data-widget_type=\"text-editor.default\">\n\t\t\t\t<div class=\"elementor-widget-container\">\n\t\t\t\t\t\t\t\t\t<p>Priestly shirt made of the highest quality Italian and Australian cotton. The fine material provides exceptional wearing comfort, durability and an elegant appearance throughout the day of service. The classic Speranza cut combines tradition with modern quality workmanship.<\/p>\t\t\t\t\t\t\t\t<\/div>\n\t\t\t\t<\/div>\n\t\t\t\t<\/div>\n\t\t\t\t<div class=\"elementor-element elementor-element-cda074b elementor-widget elementor-widget-spacer\" data-id=\"cda074b\" data-element_type=\"widget\" data-e-type=\"widget\" data-widget_type=\"spacer.default\">\n\t\t\t\t<div class=\"elementor-widget-container\">\n\t\t\t\t\t\t\t<div class=\"elementor-spacer\">\n\t\t\t<div class=\"elementor-spacer-inner\"><\/div>\n\t\t<\/div>\n\t\t\t\t\t\t<\/div>\n\t\t\t\t<\/div>\n\t\t<div class=\"elementor-element elementor-element-bd4315a e-con-full e-flex e-con e-child\" data-id=\"bd4315a\" data-element_type=\"container\" data-e-type=\"container\">\n\t\t\t\t<div class=\"elementor-element elementor-element-94085bb elementor-widget elementor-widget-image\" data-id=\"94085bb\" data-element_type=\"widget\" data-e-type=\"widget\" data-widget_type=\"image.default\">\n\t\t\t\t<div class=\"elementor-widget-container\">\n\t\t\t\t\t\t\t\t\t\t\t\t\t\t\t<img decoding=\"async\" width=\"768\" height=\"1086\" src=\"https:\/\/speranzavestments.com\/wp-content\/uploads\/2026\/03\/polo-1-768x1086.png\" class=\"elementor-animation-grow attachment-medium_large size-medium_large wp-image-2460\" alt=\"\" srcset=\"https:\/\/speranzavestments.com\/wp-content\/uploads\/2026\/03\/polo-1-768x1086.png 768w, https:\/\/speranzavestments.com\/wp-content\/uploads\/2026\/03\/polo-1-212x300.png 212w, https:\/\/speranzavestments.com\/wp-content\/uploads\/2026\/03\/polo-1-724x1024.png 724w, https:\/\/speranzavestments.com\/wp-content\/uploads\/2026\/03\/polo-1.png 884w\" sizes=\"(max-width: 768px) 100vw, 768px\" \/>\t\t\t\t\t\t\t\t\t\t\t\t\t\t\t<\/div>\n\t\t\t\t<\/div>\n\t\t\t\t<div class=\"elementor-element elementor-element-407d82c elementor-widget elementor-widget-heading\" data-id=\"407d82c\" data-element_type=\"widget\" data-e-type=\"widget\" data-widget_type=\"heading.default\">\n\t\t\t\t<div class=\"elementor-widget-container\">\n\t\t\t\t\t<h5 class=\"elementor-heading-title elementor-size-default\">Speranza Priestly Polo Shirts <\/h5>\t\t\t\t<\/div>\n\t\t\t\t<\/div>\n\t\t\t\t<div class=\"elementor-element elementor-element-df6f7f6 elementor-widget elementor-widget-text-editor\" data-id=\"df6f7f6\" data-element_type=\"widget\" data-e-type=\"widget\" data-widget_type=\"text-editor.default\">\n\t\t\t\t<div class=\"elementor-widget-container\">\n\t\t\t\t\t\t\t\t\t<p>A lightweight and comfortable polo-style priestly shirt designed for everyday comfort. Breathable fabric and meticulous finishing ensure freedom and elegance in any pastoral situation.<\/p>\t\t\t\t\t\t\t\t<\/div>\n\t\t\t\t<\/div>\n\t\t\t\t<\/div>\n\t\t<div class=\"elementor-element elementor-element-781bb8f e-con-full e-flex e-con e-child\" data-id=\"781bb8f\" data-element_type=\"container\" data-e-type=\"container\">\n\t\t\t\t<div class=\"elementor-element elementor-element-1050caf elementor-widget elementor-widget-image\" data-id=\"1050caf\" data-element_type=\"widget\" data-e-type=\"widget\" data-widget_type=\"image.default\">\n\t\t\t\t<div class=\"elementor-widget-container\">\n\t\t\t\t\t\t\t\t\t\t\t\t\t\t\t<img decoding=\"async\" width=\"768\" height=\"1086\" src=\"https:\/\/speranzavestments.com\/wp-content\/uploads\/2026\/03\/Alba-100-len-768x1086.png\" class=\"elementor-animation-grow attachment-medium_large size-medium_large wp-image-2457\" alt=\"\" srcset=\"https:\/\/speranzavestments.com\/wp-content\/uploads\/2026\/03\/Alba-100-len-768x1086.png 768w, https:\/\/speranzavestments.com\/wp-content\/uploads\/2026\/03\/Alba-100-len-212x300.png 212w, https:\/\/speranzavestments.com\/wp-content\/uploads\/2026\/03\/Alba-100-len-724x1024.png 724w, https:\/\/speranzavestments.com\/wp-content\/uploads\/2026\/03\/Alba-100-len-1086x1536.png 1086w, https:\/\/speranzavestments.com\/wp-content\/uploads\/2026\/03\/Alba-100-len.png 1414w\" sizes=\"(max-width: 768px) 100vw, 768px\" \/>\t\t\t\t\t\t\t\t\t\t\t\t\t\t\t<\/div>\n\t\t\t\t<\/div>\n\t\t\t\t<div class=\"elementor-element elementor-element-071f8a6 elementor-widget elementor-widget-heading\" data-id=\"071f8a6\" data-element_type=\"widget\" data-e-type=\"widget\" data-widget_type=\"heading.default\">\n\t\t\t\t<div class=\"elementor-widget-container\">\n\t\t\t\t\t<h5 class=\"elementor-heading-title elementor-size-default\">Speranza Linen Alby 100%<\/h5>\t\t\t\t<\/div>\n\t\t\t\t<\/div>\n\t\t\t\t<div class=\"elementor-element elementor-element-930e1c5 elementor-widget elementor-widget-text-editor\" data-id=\"930e1c5\" data-element_type=\"widget\" data-e-type=\"widget\" data-widget_type=\"text-editor.default\">\n\t\t\t\t<div class=\"elementor-widget-container\">\n\t\t\t\t\t\t\t\t\t<p>The liturgical alb is made in 100% from high-quality linen, valued for its durability and aesthetic appearance. The careful cut ensures that the vestment fits properly during the celebration of the liturgy.<\/p>\t\t\t\t\t\t\t\t<\/div>\n\t\t\t\t<\/div>\n\t\t\t\t<\/div>\n\t\t<div class=\"elementor-element elementor-element-61f565f e-con-full e-flex e-con e-child\" data-id=\"61f565f\" data-element_type=\"container\" data-e-type=\"container\">\n\t\t\t\t<div class=\"elementor-element elementor-element-20fd50a elementor-widget elementor-widget-image\" data-id=\"20fd50a\" data-element_type=\"widget\" data-e-type=\"widget\" data-widget_type=\"image.default\">\n\t\t\t\t<div class=\"elementor-widget-container\">\n\t\t\t\t\t\t\t\t\t\t\t\t\t\t\t<img loading=\"lazy\" decoding=\"async\" width=\"768\" height=\"1086\" src=\"https:\/\/speranzavestments.com\/wp-content\/uploads\/2026\/03\/Cingulum-biale-768x1086.png\" class=\"elementor-animation-grow attachment-medium_large size-medium_large wp-image-2465\" alt=\"\" srcset=\"https:\/\/speranzavestments.com\/wp-content\/uploads\/2026\/03\/Cingulum-biale-768x1086.png 768w, https:\/\/speranzavestments.com\/wp-content\/uploads\/2026\/03\/Cingulum-biale-212x300.png 212w, https:\/\/speranzavestments.com\/wp-content\/uploads\/2026\/03\/Cingulum-biale-724x1024.png 724w, https:\/\/speranzavestments.com\/wp-content\/uploads\/2026\/03\/Cingulum-biale.png 884w\" sizes=\"(max-width: 768px) 100vw, 768px\" \/>\t\t\t\t\t\t\t\t\t\t\t\t\t\t\t<\/div>\n\t\t\t\t<\/div>\n\t\t\t\t<div class=\"elementor-element elementor-element-2fbb500 elementor-widget elementor-widget-heading\" data-id=\"2fbb500\" data-element_type=\"widget\" data-e-type=\"widget\" data-widget_type=\"heading.default\">\n\t\t\t\t<div class=\"elementor-widget-container\">\n\t\t\t\t\t<h5 class=\"elementor-heading-title elementor-size-default\">Speranza Cingula<\/h5>\t\t\t\t<\/div>\n\t\t\t\t<\/div>\n\t\t\t\t<div class=\"elementor-element elementor-element-7e119b0 elementor-widget elementor-widget-text-editor\" data-id=\"7e119b0\" data-element_type=\"widget\" data-e-type=\"widget\" data-widget_type=\"text-editor.default\">\n\t\t\t\t<div class=\"elementor-widget-container\">\n\t\t\t\t\t\t\t\t\t<p>Liturgical cingulum made of high quality materials, appreciated by clergy in many countries. Traditional workmanship and elegant finish make it a perfect complement to liturgical vestments.<\/p>\t\t\t\t\t\t\t\t<\/div>\n\t\t\t\t<\/div>\n\t\t\t\t<\/div>\n\t\t\t\t\t<\/div>\n\t\t\t\t<\/div>\n\t\t\t\t<section class=\"elementor-section elementor-top-section elementor-element elementor-element-8jaefc4 elementor-section-stretched elementor-section-boxed elementor-section-height-default elementor-section-height-default\" data-id=\"8jaefc4\" data-element_type=\"section\" data-e-type=\"section\" data-settings=\"{&quot;background_background&quot;:&quot;classic&quot;,&quot;stretch_section&quot;:&quot;section-stretched&quot;}\">\n\t\t\t\t\t\t\t<div class=\"elementor-background-overlay\"><\/div>\n\t\t\t\t\t\t\t<div class=\"elementor-container elementor-column-gap-narrow\">\n\t\t\t\t\t<div class=\"elementor-column elementor-col-100 elementor-top-column elementor-element elementor-element-638b864\" data-id=\"638b864\" data-element_type=\"column\" data-e-type=\"column\">\n\t\t\t<div class=\"elementor-widget-wrap elementor-element-populated\">\n\t\t\t\t\t\t<div class=\"elementor-element elementor-element-a5cbf28 elementor-widget elementor-widget-heading\" data-id=\"a5cbf28\" data-element_type=\"widget\" data-e-type=\"widget\" data-widget_type=\"heading.default\">\n\t\t\t\t<div class=\"elementor-widget-container\">\n\t\t\t\t\t<h2 class=\"elementor-heading-title elementor-size-default\">Natural fabrics. Artisanal quality. Elegance worthy of the liturgy.<\/h2>\t\t\t\t<\/div>\n\t\t\t\t<\/div>\n\t\t\t\t\t<\/div>\n\t\t<\/div>\n\t\t\t\t\t<\/div>\n\t\t<\/section>\n\t\t<div class=\"elementor-element elementor-element-79c45e3 e-flex e-con-boxed e-con e-parent\" data-id=\"79c45e3\" data-element_type=\"container\" data-e-type=\"container\">\n\t\t\t\t\t<div class=\"e-con-inner\">\n\t\t<div class=\"elementor-element elementor-element-e5856a5 e-con-full e-flex e-con e-child\" data-id=\"e5856a5\" data-element_type=\"container\" data-e-type=\"container\">\n\t\t\t\t<div class=\"elementor-element elementor-element-423ed16 elementor-widget elementor-widget-text-editor\" data-id=\"423ed16\" data-element_type=\"widget\" data-e-type=\"widget\" data-widget_type=\"text-editor.default\">\n\t\t\t\t<div class=\"elementor-widget-container\">\n\t\t\t\t\t\t\t\t\t<p data-start=\"81\" data-end=\"90\"><strong data-start=\"81\" data-end=\"90\">About us<\/strong><\/p><p data-start=\"92\" data-end=\"393\">Speranza is a brand specializing in creating high-quality priestly shirts and liturgical albs made from natural materials. We combine traditional tailoring with a modern approach to comfort and durability to provide clergy with elegant and functional garments for daily ministry.<\/p><p data-start=\"395\" data-end=\"567\">Our products are made with attention to detail and quality fabrics, making them appreciated by priests in many countries. We work with both stores and wholesalers.<\/p><p data-start=\"569\" data-end=\"619\">Feel free to contact us: <strong data-start=\"593\" data-end=\"619\"><a class=\"decorated-link cursor-pointer\" rel=\"noopener\" data-start=\"595\" data-end=\"617\">office@speranzavestments.com<\/a><\/strong><\/p><p data-start=\"621\" data-end=\"678\"><strong data-start=\"621\" data-end=\"639\">Showroom:<\/strong><br data-start=\"639\" data-end=\"642\" \/>Curve 1<br data-start=\"650\" data-end=\"653\" \/>05-091 Z\u0105bki \/ Warsaw<\/p><p data-start=\"621\" data-end=\"678\">tel. 698317847<\/p><p data-start=\"680\" data-end=\"749\"><strong data-start=\"680\" data-end=\"714\">Production facility and warehouses:<\/strong><br data-start=\"714\" data-end=\"717\" \/>Zarnowska 48<br data-start=\"729\" data-end=\"732\" \/>26-330 Sk\u00f3rkowice<\/p><p data-start=\"680\" data-end=\"749\">tel. 531622180<\/p>\t\t\t\t\t\t\t\t<\/div>\n\t\t\t\t<\/div>\n\t\t\t\t<\/div>\n\t\t<div class=\"elementor-element elementor-element-52da0ea e-con-full e-flex e-con e-child\" data-id=\"52da0ea\" data-element_type=\"container\" data-e-type=\"container\">\n\t\t\t\t<div class=\"elementor-element elementor-element-bb5854e elementor-widget elementor-widget-google_maps\" data-id=\"bb5854e\" data-element_type=\"widget\" data-e-type=\"widget\" data-widget_type=\"google_maps.default\">\n\t\t\t\t<div class=\"elementor-widget-container\">\n\t\t\t\t\t\t\t<div class=\"elementor-custom-embed\">\n\t\t\t<iframe loading=\"lazy\"\n\t\t\t\t\tsrc=\"https:\/\/maps.google.com\/maps?q=Krzywa%201%20Z%C4%85bki&#038;t=m&#038;z=8&#038;output=embed&#038;iwloc=near\"\n\t\t\t\t\ttitle=\"Krzywa 1 Z\u0105bki\"\n\t\t\t\t\taria-label=\"Krzywa 1 Z\u0105bki\"\n\t\t\t><\/iframe>\n\t\t<\/div>\n\t\t\t\t\t\t<\/div>\n\t\t\t\t<\/div>\n\t\t\t\t<div class=\"elementor-element elementor-element-c771f4f elementor-widget elementor-widget-google_maps\" data-id=\"c771f4f\" data-element_type=\"widget\" data-e-type=\"widget\" data-widget_type=\"google_maps.default\">\n\t\t\t\t<div class=\"elementor-widget-container\">\n\t\t\t\t\t\t\t<div class=\"elementor-custom-embed\">\n\t\t\t<iframe loading=\"lazy\"\n\t\t\t\t\tsrc=\"https:\/\/maps.google.com\/maps?q=Sk%C3%B3rkowice%20%C5%BBarnowska%2048&#038;t=m&#038;z=10&#038;output=embed&#038;iwloc=near\"\n\t\t\t\t\ttitle=\"Sk\u00f3rkowice \u017barnowska 48\"\n\t\t\t\t\taria-label=\"Sk\u00f3rkowice \u017barnowska 48\"\n\t\t\t><\/iframe>\n\t\t<\/div>\n\t\t\t\t\t\t<\/div>\n\t\t\t\t<\/div>\n\t\t\t\t<\/div>\n\t\t\t\t\t<\/div>\n\t\t\t\t<\/div>\n\t\t<div class=\"elementor-element elementor-element-2f92ea9 e-con-full elementor-hidden-tablet elementor-hidden-mobile e-flex e-con e-parent\" data-id=\"2f92ea9\" data-element_type=\"container\" data-e-type=\"container\">\n\t\t\t\t<div class=\"elementor-element elementor-element-0193c12 elementor-hidden-tablet elementor-hidden-mobile elementor-widget elementor-widget-image\" data-id=\"0193c12\" data-element_type=\"widget\" data-e-type=\"widget\" data-widget_type=\"image.default\">\n\t\t\t\t<div class=\"elementor-widget-container\">\n\t\t\t\t\t\t\t\t\t\t\t\t\t\t\t<img loading=\"lazy\" decoding=\"async\" width=\"768\" height=\"1086\" src=\"https:\/\/speranzavestments.com\/wp-content\/uploads\/2026\/03\/BANER-768x1086.png\" class=\"attachment-medium_large size-medium_large wp-image-2585\" alt=\"\" srcset=\"https:\/\/speranzavestments.com\/wp-content\/uploads\/2026\/03\/BANER-768x1086.png 768w, https:\/\/speranzavestments.com\/wp-content\/uploads\/2026\/03\/BANER-212x300.png 212w, https:\/\/speranzavestments.com\/wp-content\/uploads\/2026\/03\/BANER-724x1024.png 724w, https:\/\/speranzavestments.com\/wp-content\/uploads\/2026\/03\/BANER-1086x1536.png 1086w, https:\/\/speranzavestments.com\/wp-content\/uploads\/2026\/03\/BANER.png 1414w\" sizes=\"(max-width: 768px) 100vw, 768px\" \/>\t\t\t\t\t\t\t\t\t\t\t\t\t\t\t<\/div>\n\t\t\t\t<\/div>\n\t\t\t\t<\/div>\n\t\t\t\t<\/div>","protected":false},"excerpt":{"rendered":"<p>SPERANZA koszule kap\u0142a\u0144skie NAturalne materia\u0142y Sklep dla Ksi\u0119\u017cy Wsp\u00f3\u0142praca B2B Speranza Koszule kap\u0142a\u0144skie Premium Koszula kap\u0142a\u0144ska wykonana z najwy\u017cszej jako\u015bci bawe\u0142ny w\u0142oskiej i australijskiej. Szlachetny materia\u0142 zapewnia wyj\u0105tkowy komfort noszenia, trwa\u0142o\u015b\u0107 oraz elegancki wygl\u0105d przez ca\u0142y dzie\u0144 pos\u0142ugi. Klasyczny kr\u00f3j Speranza \u0142\u0105czy tradycj\u0119 z nowoczesn\u0105 jako\u015bci\u0105 wykonania. Speranza Koszule kap\u0142a\u0144skie Polo Lekka i wygodna koszulka [&hellip;]<\/p>\n","protected":false},"author":1,"featured_media":0,"parent":0,"menu_order":0,"comment_status":"closed","ping_status":"closed","template":"","meta":{"site-sidebar-layout":"no-sidebar","site-content-layout":"page-builder","ast-site-content-layout":"full-width-container","site-content-style":"unboxed","site-sidebar-style":"unboxed","ast-global-header-display":"disabled","ast-banner-title-visibility":"","ast-main-header-display":"","ast-hfb-above-header-display":"","ast-hfb-below-header-display":"","ast-hfb-mobile-header-display":"","site-post-title":"disabled","ast-breadcrumbs-content":"","ast-featured-img":"disabled","footer-sml-layout":"","ast-disable-related-posts":"","theme-transparent-header-meta":"enabled","adv-header-id-meta":"","stick-header-meta":"","header-above-stick-meta":"","header-main-stick-meta":"","header-below-stick-meta":"","astra-migrate-meta-layouts":"set","ast-page-background-enabled":"default","ast-page-background-meta":{"desktop":{"background-color":"var(--ast-global-color-4)","background-image":"","background-repeat":"repeat","background-position":"center center","background-size":"auto","background-attachment":"scroll","background-type":"","background-media":"","overlay-type":"","overlay-color":"","overlay-opacity":"","overlay-gradient":""},"tablet":{"background-color":"","background-image":"","background-repeat":"repeat","background-position":"center center","background-size":"auto","background-attachment":"scroll","background-type":"","background-media":"","overlay-type":"","overlay-color":"","overlay-opacity":"","overlay-gradient":""},"mobile":{"background-color":"","background-image":"","background-repeat":"repeat","background-position":"center center","background-size":"auto","background-attachment":"scroll","background-type":"","background-media":"","overlay-type":"","overlay-color":"","overlay-opacity":"","overlay-gradient":""}},"ast-content-background-meta":{"desktop":{"background-color":"var(--ast-global-color-5)","background-image":"","background-repeat":"repeat","background-position":"center center","background-size":"auto","background-attachment":"scroll","background-type":"","background-media":"","overlay-type":"","overlay-color":"","overlay-opacity":"","overlay-gradient":""},"tablet":{"background-color":"var(--ast-global-color-5)","background-image":"","background-repeat":"repeat","background-position":"center center","background-size":"auto","background-attachment":"scroll","background-type":"","background-media":"","overlay-type":"","overlay-color":"","overlay-opacity":"","overlay-gradient":""},"mobile":{"background-color":"var(--ast-global-color-5)","background-image":"","background-repeat":"repeat","background-position":"center center","background-size":"auto","background-attachment":"scroll","background-type":"","background-media":"","overlay-type":"","overlay-color":"","overlay-opacity":"","overlay-gradient":""}},"footnotes":""},"class_list":["post-1448","page","type-page","status-publish","hentry"],"_links":{"self":[{"href":"https:\/\/speranzavestments.com\/en_us\/wp-json\/wp\/v2\/pages\/1448","targetHints":{"allow":["GET"]}}],"collection":[{"href":"https:\/\/speranzavestments.com\/en_us\/wp-json\/wp\/v2\/pages"}],"about":[{"href":"https:\/\/speranzavestments.com\/en_us\/wp-json\/wp\/v2\/types\/page"}],"author":[{"embeddable":true,"href":"https:\/\/speranzavestments.com\/en_us\/wp-json\/wp\/v2\/users\/1"}],"replies":[{"embeddable":true,"href":"https:\/\/speranzavestments.com\/en_us\/wp-json\/wp\/v2\/comments?post=1448"}],"version-history":[{"count":116,"href":"https:\/\/speranzavestments.com\/en_us\/wp-json\/wp\/v2\/pages\/1448\/revisions"}],"predecessor-version":[{"id":2643,"href":"https:\/\/speranzavestments.com\/en_us\/wp-json\/wp\/v2\/pages\/1448\/revisions\/2643"}],"wp:attachment":[{"href":"https:\/\/speranzavestments.com\/en_us\/wp-json\/wp\/v2\/media?parent=1448"}],"curies":[{"name":"wp","href":"https:\/\/api.w.org\/{rel}","templated":true}]}}